{"id":725,"date":"2026-01-19T17:23:33","date_gmt":"2026-01-19T23:23:33","guid":{"rendered":"https:\/\/lite-tek.com.mx\/?page_id=725"},"modified":"2026-01-19T17:41:07","modified_gmt":"2026-01-19T23:41:07","slug":"nosotros","status":"publish","type":"page","link":"https:\/\/lite-tek.com.mx\/?page_id=725","title":{"rendered":"NOSOTROS"},"content":{"rendered":"\n<div class=\"wp-block-uagb-container uagb-layout-flex uagb-block-075a8d8d alignfull uagb-is-root-container\"><div class=\"uagb-container-inner-blocks-wrap\">\n<div class=\"wp-block-uagb-container grid-botones uagb-block-a547ebbf\">\n<div class=\"wp-block-columns is-layout-flex wp-container-core-columns-is-layout-28f84493 wp-block-columns-is-layout-flex\">\n<div class=\"wp-block-column is-layout-flow wp-block-column-is-layout-flow\" style=\"flex-basis:33.33%\">\n<div class=\"wp-block-uagb-advanced-heading uagb-block-888bd36e\"><h1 class=\"uagb-heading-text\">LITE-TEK<\/h1><\/div>\n\n\n\n<div class=\"wp-block-uagb-info-box uagb-block-d29997bb uagb-infobox__content-wrap  uagb-infobox-icon-above-title uagb-infobox-image-valign-top\"><div class=\"uagb-ifb-content\"><div class=\"uagb-ifb-title-wrap\"><\/div><p class=\"uagb-ifb-desc\">Es una empresa mexicana especializada en soluciones de iluminaci\u00f3n y audio profesional para espect\u00e1culos, eventos y entretenimiento en vivo. Desde nuestra fundaci\u00f3n, nos hemos dedicado a ofrecer productos de alta calidad que combinan innovaci\u00f3n, eficiencia y dise\u00f1o, atendiendo las necesidades de productores, t\u00e9cnicos y creativos en todo M\u00e9xico.<\/p><\/div><\/div>\n<\/div>\n<\/div>\n<\/div>\n<\/div><\/div>\n\n\n\n<div class=\"wp-block-uagb-container uagb-block-46ac1653 alignfull uagb-is-root-container\"><div class=\"uagb-container-inner-blocks-wrap\">\n<div class=\"wp-block-columns is-layout-flex wp-container-core-columns-is-layout-28f84493 wp-block-columns-is-layout-flex\">\n<div class=\"wp-block-column is-layout-flow wp-block-column-is-layout-flow\"><\/div>\n\n\n\n<div class=\"wp-block-column is-layout-flow wp-block-column-is-layout-flow\" style=\"flex-basis:30px\"><\/div>\n\n\n\n<div class=\"wp-block-column is-layout-flow wp-block-column-is-layout-flow\">\n<div class=\"wp-block-uagb-advanced-heading uagb-block-e3198aba\"><\/div>\n\n\n\n<div class=\"wp-block-uagb-info-box uagb-block-a0a03cb4 uagb-infobox__content-wrap  uagb-infobox-icon-right-title uagb-infobox-right uagb-infobox-image-valign-top\"><div class=\"uagb-ifb-content\"><div class=\"uagb-ifb-right-title-image\"><div class=\"uagb-ifb-title-wrap\"><\/div><\/div><p class=\"uagb-ifb-desc\">En <strong>LITE-TEK<\/strong> ofrecemos una amplia gama de productos dise\u00f1ados para el mundo del espect\u00e1culo: iluminaci\u00f3n profesional, audio de alto rendimiento, video, estructuras y sistemas el\u00e9ctricos especializados.<br><br>Cada l\u00ednea pensada para brindar <strong>potencia, precisi\u00f3n y confiabilidad<\/strong>, permitiendo que productores, instaladores y creativos puedan llevar sus ideas a escena sin l\u00edmites.<br><br><\/p><\/div><\/div>\n<\/div>\n<\/div>\n<\/div><\/div>\n\n\n\n<div class=\"wp-block-uagb-container uagb-block-be96d3de alignfull uagb-is-root-container\"><div class=\"uagb-container-inner-blocks-wrap\">\n<div class=\"wp-block-uagb-info-box uagb-block-7053b4cf uagb-infobox__content-wrap  uagb-infobox-icon-above-title uagb-infobox-image-valign-top\"><div class=\"uagb-ifb-content\"><div class=\"uagb-ifb-title-wrap\"><\/div><p class=\"uagb-ifb-desc\">En <strong>LITE-TEK<\/strong> ofrecemos una amplia gama de productos dise\u00f1ados parM\u00e1s que equipos, en <strong>LITE-TEK<\/strong> brindamos soluciones integrales.<br>Acompa\u00f1amos a nuestros clientes desde la planeaci\u00f3n hasta la ejecuci\u00f3n, ofreciendo soporte t\u00e9cnico, asesor\u00eda personalizada y productos dise\u00f1ados para responder a las exigencias del entorno profesional.<br>Cada proyecto es una oportunidad para transformar espacios, optimizar procesos y crear experiencias inolvidables.<\/p><\/div><\/div>\n<\/div><\/div>\n\n\n\n<div class=\"wp-block-uagb-container hero-inicio uagb-block-3c474e76 alignfull uagb-is-root-container\"><div class=\"uagb-container-inner-blocks-wrap\"><\/div><\/div>\n\n\n\n<div class=\"wp-block-uagb-container uagb-block-f8176551 alignfull uagb-is-root-container\"><div class=\"uagb-container-inner-blocks-wrap\">\n<div class=\"wp-block-uagb-info-box uagb-block-e63044aa uagb-infobox__content-wrap  uagb-infobox-icon-above-title uagb-infobox-image-valign-top\"><div class=\"uagb-ifb-content\"><div class=\"uagb-ifb-title-wrap\"><\/div><p class=\"uagb-ifb-desc\">En <strong>LITE-TEK<\/strong> creemos que el \u00e9xito se construye en equipo.<br>Por eso, trbajamos de la mano con distribuidores, t\u00e9cnicos y profesionales del entretenimiento en todo el pa\u00eds, creando una comunidad que comparte la misma pasi\u00f3n: dar vida a cada escenaro con luz, sonido y emoci\u00f3n.<br>Cada cliente se convierte en parte de una red que impulsa la creatividad y el desarrollo del espect\u00e1culo en M\u00e9xico.<\/p><\/div><\/div>\n<\/div><\/div>\n\n\n\n<div class=\"wp-block-uagb-container uagb-block-5804cbc3 alignfull uagb-is-root-container\"><div class=\"uagb-container-inner-blocks-wrap\">\n<div class=\"wp-block-uagb-image uagb-block-f2333955 wp-block-uagb-image--layout-default wp-block-uagb-image--effect-static wp-block-uagb-image--align-none\"><figure class=\"wp-block-uagb-image__figure\"><img decoding=\"async\" srcset=\"https:\/\/lite-tek.com.mx\/wp-content\/uploads\/2026\/01\/Logo-Lite-Tek-V_-10.png ,https:\/\/lite-tek.com.mx\/wp-content\/uploads\/2026\/01\/Logo-Lite-Tek-V_-10.png 780w, https:\/\/lite-tek.com.mx\/wp-content\/uploads\/2026\/01\/Logo-Lite-Tek-V_-10.png 360w\" sizes=\"auto, (max-width: 480px) 150px\" src=\"https:\/\/lite-tek.com.mx\/wp-content\/uploads\/2026\/01\/Logo-Lite-Tek-V_-10.png\" alt=\"\" class=\"uag-image-732\" width=\"376\" height=\"376\" title=\"Logo Lite Tek V_ -10\" loading=\"lazy\" role=\"img\"\/><\/figure><\/div>\n<\/div><\/div>\n","protected":false},"excerpt":{"rendered":"<p>LITE-TEK<\/p>\n","protected":false},"author":1,"featured_media":0,"parent":0,"menu_order":0,"comment_status":"closed","ping_status":"closed","template":"","meta":{"_uag_custom_page_level_css":"","site-sidebar-layout":"default","site-content-layout":"","ast-site-content-layout":"default","site-content-style":"default","site-sidebar-style":"default","ast-global-header-display":"","ast-banner-title-visibility":"","ast-main-header-display":"","ast-hfb-above-header-display":"","ast-hfb-below-header-display":"","ast-hfb-mobile-header-display":"","site-post-title":"disabled","ast-breadcrumbs-content":"","ast-featured-img":"","footer-sml-layout":"","theme-transparent-header-meta":"","adv-header-id-meta":"","stick-header-meta":"","header-above-stick-meta":"","header-main-stick-meta":"","header-below-stick-meta":"","astra-migrate-meta-layouts":"default","ast-page-background-enabled":"default","ast-page-background-meta":{"desktop":{"background-color":"var(--ast-global-color-5)","background-image":"","background-repeat":"repeat","background-position":"center center","background-size":"auto","background-attachment":"scroll","background-type":"","background-media":"","overlay-type":"","overlay-color":"","overlay-opacity":"","overlay-gradient":""},"tablet":{"background-color":"","background-image":"","background-repeat":"repeat","background-position":"center center","background-size":"auto","background-attachment":"scroll","background-type":"","background-media":"","overlay-type":"","overlay-color":"","overlay-opacity":"","overlay-gradient":""},"mobile":{"background-color":"","background-image":"","background-repeat":"repeat","background-position":"center center","background-size":"auto","background-attachment":"scroll","background-type":"","background-media":"","overlay-type":"","overlay-color":"","overlay-opacity":"","overlay-gradient":""}},"ast-content-background-meta":{"desktop":{"background-color":"var(--ast-global-color-4)","background-image":"","background-repeat":"repeat","background-position":"center center","background-size":"auto","background-attachment":"scroll","background-type":"","background-media":"","overlay-type":"","overlay-color":"","overlay-opacity":"","overlay-gradient":""},"tablet":{"background-color":"var(--ast-global-color-4)","background-image":"","background-repeat":"repeat","background-position":"center center","background-size":"auto","background-attachment":"scroll","background-type":"","background-media":"","overlay-type":"","overlay-color":"","overlay-opacity":"","overlay-gradient":""},"mobile":{"background-color":"var(--ast-global-color-4)","background-image":"","background-repeat":"repeat","background-position":"center center","background-size":"auto","background-attachment":"scroll","background-type":"","background-media":"","overlay-type":"","overlay-color":"","overlay-opacity":"","overlay-gradient":""}},"footnotes":""},"class_list":["post-725","page","type-page","status-publish","hentry"],"uagb_featured_image_src":{"full":false,"thumbnail":false,"medium":false,"medium_large":false,"large":false,"1536x1536":false,"2048x2048":false},"uagb_author_info":{"display_name":"adminlitetek","author_link":"https:\/\/lite-tek.com.mx\/?author=1"},"uagb_comment_info":0,"uagb_excerpt":"LITE-TEK","_links":{"self":[{"href":"https:\/\/lite-tek.com.mx\/index.php?rest_route=\/wp\/v2\/pages\/725","targetHints":{"allow":["GET"]}}],"collection":[{"href":"https:\/\/lite-tek.com.mx\/index.php?rest_route=\/wp\/v2\/pages"}],"about":[{"href":"https:\/\/lite-tek.com.mx\/index.php?rest_route=\/wp\/v2\/types\/page"}],"author":[{"embeddable":true,"href":"https:\/\/lite-tek.com.mx\/index.php?rest_route=\/wp\/v2\/users\/1"}],"replies":[{"embeddable":true,"href":"https:\/\/lite-tek.com.mx\/index.php?rest_route=%2Fwp%2Fv2%2Fcomments&post=725"}],"version-history":[{"count":9,"href":"https:\/\/lite-tek.com.mx\/index.php?rest_route=\/wp\/v2\/pages\/725\/revisions"}],"predecessor-version":[{"id":746,"href":"https:\/\/lite-tek.com.mx\/index.php?rest_route=\/wp\/v2\/pages\/725\/revisions\/746"}],"wp:attachment":[{"href":"https:\/\/lite-tek.com.mx\/index.php?rest_route=%2Fwp%2Fv2%2Fmedia&parent=725"}],"curies":[{"name":"wp","href":"https:\/\/api.w.org\/{rel}","templated":true}]}}